{"id":408,"date":"2020-02-12T12:02:10","date_gmt":"2020-02-12T11:02:10","guid":{"rendered":"http:\/\/jaccompagne-courtage.fr\/?page_id=408"},"modified":"2020-10-26T17:19:42","modified_gmt":"2020-10-26T16:19:42","slug":"nous-rejoindre","status":"publish","type":"page","link":"https:\/\/jaccompagne-courtage.fr\/?page_id=408","title":{"rendered":"Nous rejoindre"},"content":{"rendered":"<p>[et_pb_section fb_built=\u00a0\u00bb1&Prime; admin_label=\u00a0\u00bbFree Consultation\u00a0\u00bb _builder_version=\u00a0\u00bb4.3.2&Prime; background_color=\u00a0\u00bbrgba(0,16,71,0.92)\u00a0\u00bb background_image=\u00a0\u00bbhttps:\/\/jaccompagne-courtage.fr\/wp-content\/uploads\/2020\/02\/courtier-financement-bordeaux-courtage-bayonne-1.jpg\u00a0\u00bb height=\u00a0\u00bb297px\u00a0\u00bb max_height=\u00a0\u00bb1000px\u00a0\u00bb custom_margin=\u00a0\u00bb0px||0px||true|false\u00a0\u00bb custom_padding=\u00a0\u00bb4px|0px|4px|0px|true|false\u00a0\u00bb hover_transition_duration=\u00a0\u00bb4000ms\u00a0\u00bb transform_styles__hover_enabled=\u00a0\u00bbon|hover\u00a0\u00bb transform_scale__hover_enabled=\u00a0\u00bbon|hover\u00a0\u00bb transform_translate__hover_enabled=\u00a0\u00bbon|desktop\u00a0\u00bb transform_rotate__hover_enabled=\u00a0\u00bbon|desktop\u00a0\u00bb transform_skew__hover_enabled=\u00a0\u00bbon|desktop\u00a0\u00bb transform_origin__hover_enabled=\u00a0\u00bbon|desktop\u00a0\u00bb transform_scale__hover=\u00a0\u00bb102%|102%\u00a0\u00bb][et_pb_row _builder_version=\u00a0\u00bb4.2.2&Prime; width=\u00a0\u00bb100%\u00a0\u00bb max_width=\u00a0\u00bb2560px\u00a0\u00bb module_alignment=\u00a0\u00bbcenter\u00a0\u00bb custom_margin=\u00a0\u00bb-8px|auto|20px|auto||\u00a0\u00bb custom_padding=\u00a0\u00bb0px||33px|||\u00a0\u00bb][et_pb_column type=\u00a0\u00bb4_4&Prime; _builder_version=\u00a0\u00bb4.2.2&Prime;][et_pb_text _builder_version=\u00a0\u00bb4.3.2&Prime; text_font=\u00a0\u00bbPoppins||||||||\u00a0\u00bb text_text_color=\u00a0\u00bb#a8a8a8&Prime; text_font_size=\u00a0\u00bb15px\u00a0\u00bb text_letter_spacing=\u00a0\u00bb1px\u00a0\u00bb header_font=\u00a0\u00bbPoppins|||on|||||\u00a0\u00bb header_text_align=\u00a0\u00bbleft\u00a0\u00bb header_text_color=\u00a0\u00bb#ffffff\u00a0\u00bb header_font_size=\u00a0\u00bb35px\u00a0\u00bb header_letter_spacing=\u00a0\u00bb1px\u00a0\u00bb header_line_height=\u00a0\u00bb1.3em\u00a0\u00bb background_color=\u00a0\u00bbrgba(0,0,0,0.58)\u00a0\u00bb text_orientation=\u00a0\u00bbcenter\u00a0\u00bb max_width=\u00a0\u00bb100%\u00a0\u00bb module_alignment=\u00a0\u00bbcenter\u00a0\u00bb height=\u00a0\u00bb298px\u00a0\u00bb custom_margin=\u00a0\u00bb0px||||false|false\u00a0\u00bb custom_padding=\u00a0\u00bb3px|31px|3px|31px|true|true\u00a0\u00bb animation_style=\u00a0\u00bbflip\u00a0\u00bb animation_duration=\u00a0\u00bb2000ms\u00a0\u00bb animation_delay=\u00a0\u00bb400ms\u00a0\u00bb animation_intensity_flip=\u00a0\u00bb100%\u00a0\u00bb header_font_size_tablet=\u00a0\u00bb\u00a0\u00bb header_font_size_phone=\u00a0\u00bb24px\u00a0\u00bb header_font_size_last_edited=\u00a0\u00bbon|phone\u00a0\u00bb transform_styles__hover_enabled=\u00a0\u00bbon|desktop\u00a0\u00bb transform_scale__hover_enabled=\u00a0\u00bbon|desktop\u00a0\u00bb transform_translate__hover_enabled=\u00a0\u00bbon|desktop\u00a0\u00bb transform_rotate__hover_enabled=\u00a0\u00bbon|desktop\u00a0\u00bb transform_skew__hover_enabled=\u00a0\u00bbon|desktop\u00a0\u00bb transform_origin__hover_enabled=\u00a0\u00bbon|desktop\u00a0\u00bb]<\/p>\n<h1><\/h1>\n<h1><\/h1>\n<h1><\/h1>\n<h1><\/h1>\n<h1><\/h1>\n<h1><\/h1>\n<h1><\/h1>\n<h1><\/h1>\n<h1><\/h1>\n<h1><\/h1>\n<h1>Vous souhaitez rejoindre notre entreprise ?<\/h1>\n<p class=\"mars-title-level-2\" style=\"text-align: left;\">J&rsquo;accompagne est toujours en qu\u00eate de talents\u00a0<\/p>\n<p>[\/et_pb_text][\/et_pb_column][\/et_pb_row][\/et_pb_section][et_pb_section fb_built=\u00a0\u00bb1&Prime; admin_label=\u00a0\u00bbFeature &#8211; Image Left\u00a0\u00bb _builder_version=\u00a0\u00bb4.2.2&Prime; background_color=\u00a0\u00bb#fafbfc\u00a0\u00bb background_enable_video_mp4=\u00a0\u00bboff\u00a0\u00bb custom_margin=\u00a0\u00bb-3px|||||\u00a0\u00bb custom_padding=\u00a0\u00bb71px|0px|10px|0px||\u00a0\u00bb][et_pb_row column_structure=\u00a0\u00bb1_2,1_2&Prime; use_custom_gutter=\u00a0\u00bbon\u00a0\u00bb gutter_width=\u00a0\u00bb4&Prime; _builder_version=\u00a0\u00bb4.3.2&Prime; background_color=\u00a0\u00bb#ffffff\u00a0\u00bb min_height=\u00a0\u00bb465px\u00a0\u00bb custom_margin=\u00a0\u00bb|auto|-78px|auto||\u00a0\u00bb custom_padding=\u00a0\u00bb25px||0px|||\u00a0\u00bb animation_style=\u00a0\u00bbfade\u00a0\u00bb][et_pb_column type=\u00a0\u00bb1_2&Prime; _builder_version=\u00a0\u00bb3.25&Prime; custom_padding=\u00a0\u00bb|||\u00a0\u00bb custom_padding__hover=\u00a0\u00bb|||\u00a0\u00bb][et_pb_image src=\u00a0\u00bbhttps:\/\/jaccompagne-courtage.fr\/wp-content\/uploads\/2020\/02\/negociation-pret-immobilier-courtier-bordeaux.png\u00a0\u00bb align_tablet=\u00a0\u00bbcenter\u00a0\u00bb align_phone=\u00a0\u00bb\u00a0\u00bb align_last_edited=\u00a0\u00bbon|desktop\u00a0\u00bb _builder_version=\u00a0\u00bb4.3.2&Prime; custom_margin=\u00a0\u00bb||0px||false|false\u00a0\u00bb custom_margin_tablet=\u00a0\u00bb\u00a0\u00bb custom_margin_phone=\u00a0\u00bb-90px||0px||false|false\u00a0\u00bb custom_margin_last_edited=\u00a0\u00bbon|phone\u00a0\u00bb custom_padding=\u00a0\u00bb48px||0px||false|false\u00a0\u00bb animation_style=\u00a0\u00bbfade\u00a0\u00bb border_radii=\u00a0\u00bbon|25px|25px|25px|25px\u00a0\u00bb box_shadow_style=\u00a0\u00bbpreset2&Prime; box_shadow_horizontal=\u00a0\u00bb21px\u00a0\u00bb box_shadow_vertical=\u00a0\u00bb33px\u00a0\u00bb box_shadow_blur=\u00a0\u00bb9px\u00a0\u00bb box_shadow_spread=\u00a0\u00bb-8px\u00a0\u00bb box_shadow_color=\u00a0\u00bbrgba(12,12,12,0.03)\u00a0\u00bb transform_styles__hover_enabled=\u00a0\u00bbon|hover\u00a0\u00bb transform_scale__hover_enabled=\u00a0\u00bbon|hover\u00a0\u00bb transform_translate__hover_enabled=\u00a0\u00bbon|desktop\u00a0\u00bb transform_rotate__hover_enabled=\u00a0\u00bbon|desktop\u00a0\u00bb transform_skew__hover_enabled=\u00a0\u00bbon|desktop\u00a0\u00bb transform_origin__hover_enabled=\u00a0\u00bbon|desktop\u00a0\u00bb transform_scale__hover=\u00a0\u00bb110%|110%\u00a0\u00bb filter_brightness__hover_enabled=\u00a0\u00bbon|hover\u00a0\u00bb filter_brightness__hover=\u00a0\u00bb105%\u00a0\u00bb][\/et_pb_image][\/et_pb_column][et_pb_column type=\u00a0\u00bb1_2&Prime; _builder_version=\u00a0\u00bb3.25&Prime; custom_padding=\u00a0\u00bb5%|||\u00a0\u00bb custom_padding__hover=\u00a0\u00bb|||\u00a0\u00bb][et_pb_text _builder_version=\u00a0\u00bb4.3.2&Prime; text_font=\u00a0\u00bbPoppins|||on|||||\u00a0\u00bb text_text_color=\u00a0\u00bb#4bbbbc\u00a0\u00bb text_font_size=\u00a0\u00bb16px\u00a0\u00bb text_line_height=\u00a0\u00bb1.9em\u00a0\u00bb header_font=\u00a0\u00bb||||||||\u00a0\u00bb header_2_font=\u00a0\u00bbPoppins||||||||\u00a0\u00bb header_2_text_color=\u00a0\u00bb#3159a5&Prime; header_2_font_size=\u00a0\u00bb28px\u00a0\u00bb header_2_letter_spacing=\u00a0\u00bb1px\u00a0\u00bb header_2_line_height=\u00a0\u00bb1.3em\u00a0\u00bb header_3_font=\u00a0\u00bbPoppins|700||on|||||\u00a0\u00bb header_3_text_color=\u00a0\u00bb#4bbbbc\u00a0\u00bb header_3_font_size=\u00a0\u00bb14px\u00a0\u00bb header_3_letter_spacing=\u00a0\u00bb1px\u00a0\u00bb header_3_line_height=\u00a0\u00bb2em\u00a0\u00bb custom_margin=\u00a0\u00bb||28px|||\u00a0\u00bb]<\/p>\n<p>j&rsquo;accompagne Courtage<\/p>\n<h2><\/h2>\n<h2>Nous recrutons !<\/h2>\n<p>[\/et_pb_text][et_pb_divider color=\u00a0\u00bb#edbb5f\u00a0\u00bb divider_weight=\u00a0\u00bb2px\u00a0\u00bb _builder_version=\u00a0\u00bb3.2&Prime; max_width=\u00a0\u00bb60px\u00a0\u00bb module_alignment=\u00a0\u00bbleft\u00a0\u00bb height=\u00a0\u00bb2px\u00a0\u00bb][\/et_pb_divider][et_pb_text _builder_version=\u00a0\u00bb4.3.2&Prime; text_font=\u00a0\u00bbPoppins||||||||\u00a0\u00bb text_text_color=\u00a0\u00bb#000000&Prime; text_font_size=\u00a0\u00bb15px\u00a0\u00bb text_letter_spacing=\u00a0\u00bb1px\u00a0\u00bb text_line_height=\u00a0\u00bb1.4em\u00a0\u00bb]<\/p>\n<p class=\"yiv0662437416MsoNormal\"><span>Dans le cadre de notre d\u00e9veloppement, nous sommes \u00e0 la recherche de nos futurs collaborateurs. A ce jour, nos besoins portent principalement sur le march\u00e9 des professionnels.<u><\/u><u><\/u><\/span><\/p>\n<p class=\"yiv0662437416MsoNormal\"><span><u><\/u>\u00a0<\/span><\/p>\n<p>[\/et_pb_text][\/et_pb_column][\/et_pb_row][et_pb_row _builder_version=\u00a0\u00bb4.3.2&Prime; custom_padding=\u00a0\u00bb16px|||||\u00a0\u00bb][et_pb_column type=\u00a0\u00bb4_4&Prime; _builder_version=\u00a0\u00bb4.3.2&Prime;][et_pb_text _builder_version=\u00a0\u00bb4.4.1&Prime; text_font=\u00a0\u00bbPoppins||||||||\u00a0\u00bb text_text_color=\u00a0\u00bb#3159a5&Prime; text_font_size=\u00a0\u00bb15px\u00a0\u00bb text_line_height=\u00a0\u00bb1.5em\u00a0\u00bb custom_margin_tablet=\u00a0\u00bb\u00a0\u00bb custom_margin_phone=\u00a0\u00bb10px||||false|false\u00a0\u00bb custom_margin_last_edited=\u00a0\u00bbon|phone\u00a0\u00bb custom_padding=\u00a0\u00bb21px||1px|||\u00a0\u00bb]<\/p>\n<p class=\"yiv0662437416MsoNormal\"><b><\/b><\/p>\n<ul>\n<li class=\"yiv0662437416MsoNormal\"><b>Courtier\u00a0: march\u00e9 des professionnels\u00a0(dept 64,33) :<\/b><\/li>\n<\/ul>\n<p class=\"yiv0662437416MsoNormal\"><span>Votre mission principale sera d\u2019accompagner nos clients entrepreneurs dans leur d\u00e9marche d\u2019obtention de financements. Vous devrez \u00e9galement animer et d\u00e9velopper notre r\u00e9seau de partenaires. Pour vous aider dans cette d\u00e9marche nous mettons \u00e0 votre disposition les outils permettant de limiter la charge administrative.<u><\/u><u><\/u><\/span><\/p>\n<p class=\"yiv0662437416MsoNormal\"><span>Parce que le march\u00e9 des professionnels ne s\u2019improvise pas, n\u00e9cessite des comp\u00e9tences particuli\u00e8res et surtout dans l\u2019int\u00e9r\u00eat de notre client\u00e8le. Nous vous demanderons de justifier d\u2019une exp\u00e9rience (id\u00e9alement bancaire) aupr\u00e8s des professionnels.<u><\/u><u><\/u><\/span><\/p>\n<p class=\"yiv0662437416MsoNormal\"><span>Nous recherchons prioritairement des courtiers (march\u00e9 des professionnels) sur la c\u00f4te basque (Anglet) et Bordeaux (Pessac).<u><\/u><u><\/u><\/span><\/p>\n<p class=\"yiv0662437416MsoNormal\"><span><u><\/u>\u00a0<u><\/u><\/span><\/p>\n<p class=\"yiv0662437416MsoNormal\" style=\"text-align: center;\"><span><u><\/u>\u00a0Un autre m\u00e9tier de notre entreprise vous int\u00e9resse (immobilier, assurance\u2026)\u00a0?<u><\/u><\/span><\/p>\n<p class=\"yiv0662437416MsoNormal\" align=\"center\"><span>Vous \u00eates dynamique et \u00e0 l\u2019\u00e9coute de vos clients.\u00a0 Issu du secteur bancaire, de l\u2019assurance ou du courtage\u00a0?<u><\/u><u><\/u><\/span><\/p>\n<p class=\"yiv0662437416MsoNormal\" align=\"center\"><span>Venez \u00e9changer avec nous, votre profil nous int\u00e9resse\u00a0!<u><\/u><u><\/u><\/span><\/p>\n<p class=\"yiv0662437416MsoNormal\" align=\"center\"><span><u><\/u>\u00a0<u><\/u><\/span><\/p>\n<p class=\"yiv0662437416MsoNormal\" align=\"center\"><span>Pour cela une seule adresse\u00a0:\u00a0<a rel=\"nofollow noopener noreferrer\" ymailto=\"mailto:recrutement@jaccompagne-courtage.fr\" target=\"_blank\" href=\"mailto:recrutement@jaccompagne-courtage.fr\">recrutement@jaccompagne-courtage.fr<\/a><\/span><\/p>\n<p>[\/et_pb_text][\/et_pb_column][\/et_pb_row][\/et_pb_section][et_pb_section fb_built=\u00a0\u00bb1&Prime; _builder_version=\u00a0\u00bb4.3.2&Prime; background_color=\u00a0\u00bb#ffffff\u00a0\u00bb background_enable_image=\u00a0\u00bboff\u00a0\u00bb height=\u00a0\u00bb226px\u00a0\u00bb custom_padding=\u00a0\u00bb1px|||||\u00a0\u00bb hover_transition_duration=\u00a0\u00bb2000ms\u00a0\u00bb transform_styles__hover_enabled=\u00a0\u00bbon|hover\u00a0\u00bb transform_scale__hover_enabled=\u00a0\u00bbon|hover\u00a0\u00bb transform_translate__hover_enabled=\u00a0\u00bbon|desktop\u00a0\u00bb transform_rotate__hover_enabled=\u00a0\u00bbon|desktop\u00a0\u00bb transform_skew__hover_enabled=\u00a0\u00bbon|desktop\u00a0\u00bb transform_origin__hover_enabled=\u00a0\u00bbon|desktop\u00a0\u00bb transform_scale__hover=\u00a0\u00bb105%|105%\u00a0\u00bb][et_pb_row _builder_version=\u00a0\u00bb4.2.2&Prime; custom_padding=\u00a0\u00bb21px|||||\u00a0\u00bb][et_pb_column type=\u00a0\u00bb4_4&Prime; _builder_version=\u00a0\u00bb4.2.2&Prime;][et_pb_image src=\u00a0\u00bbhttps:\/\/jaccompagne-courtage.fr\/wp-content\/uploads\/2020\/02\/courtier-bordeaux-courtage-assurance-immobilier-financement-3.png\u00a0\u00bb align=\u00a0\u00bbcenter\u00a0\u00bb _builder_version=\u00a0\u00bb4.3.2&Prime; height=\u00a0\u00bb216px\u00a0\u00bb custom_padding=\u00a0\u00bb||1px|||\u00a0\u00bb filter_brightness=\u00a0\u00bb105%\u00a0\u00bb][\/et_pb_image][\/et_pb_column][\/et_pb_row][\/et_pb_section][et_pb_section fb_built=\u00a0\u00bb1&Prime; _builder_version=\u00a0\u00bb4.2.2&Prime; background_color=\u00a0\u00bb#ffffff\u00a0\u00bb background_enable_image=\u00a0\u00bboff\u00a0\u00bb custom_padding=\u00a0\u00bb35px||40px|||\u00a0\u00bb border_color_top=\u00a0\u00bb#0c71c3&Prime; border_width_bottom=\u00a0\u00bb2px\u00a0\u00bb border_color_bottom=\u00a0\u00bb#0c71c3&Prime;][et_pb_row column_structure=\u00a0\u00bb1_2,1_2&Prime; _builder_version=\u00a0\u00bb4.2.2&Prime; custom_padding=\u00a0\u00bb28px|||||\u00a0\u00bb][et_pb_column type=\u00a0\u00bb1_2&Prime; _builder_version=\u00a0\u00bb4.2.2&Prime;][et_pb_button button_url=\u00a0\u00bbhttps:\/\/jaccompagne-courtage.fr\/\u00a0\u00bb button_text=\u00a0\u00bbRetour accueil\u00a0\u00bb button_alignment=\u00a0\u00bbcenter\u00a0\u00bb _builder_version=\u00a0\u00bb4.6.6&Prime; custom_button=\u00a0\u00bbon\u00a0\u00bb button_text_size=\u00a0\u00bb16px\u00a0\u00bb button_border_radius=\u00a0\u00bb0px\u00a0\u00bb button_font=\u00a0\u00bbPoppins||||||||\u00a0\u00bb button_icon=\u00a0\u00bb%%36%%\u00a0\u00bb custom_padding_tablet=\u00a0\u00bb\u00a0\u00bb custom_padding_phone=\u00a0\u00bb|74px||74px|false|true\u00a0\u00bb custom_padding_last_edited=\u00a0\u00bbon|phone\u00a0\u00bb hover_enabled=\u00a0\u00bb0&Prime; button_bg_color__hover_enabled=\u00a0\u00bbon|hover\u00a0\u00bb button_bg_color__hover=\u00a0\u00bb#ffffff\u00a0\u00bb button_bg_enable_color__hover=\u00a0\u00bbon\u00a0\u00bb button_border_color__hover_enabled=\u00a0\u00bbon|hover\u00a0\u00bb button_border_color__hover=\u00a0\u00bb#0c71c3&Prime; sticky_enabled=\u00a0\u00bb0&Prime;][\/et_pb_button][\/et_pb_column][et_pb_column type=\u00a0\u00bb1_2&Prime; _builder_version=\u00a0\u00bb4.2.2&Prime;][et_pb_button button_url=\u00a0\u00bbhttps:\/\/jaccompagne-courtage.fr\/?page_id=445&Prime; button_text=\u00a0\u00bbContactez-nous !\u00a0\u00bb button_alignment=\u00a0\u00bbcenter\u00a0\u00bb _builder_version=\u00a0\u00bb4.6.6&Prime; custom_button=\u00a0\u00bbon\u00a0\u00bb button_text_size=\u00a0\u00bb16px\u00a0\u00bb button_border_radius=\u00a0\u00bb0px\u00a0\u00bb button_font=\u00a0\u00bbPoppins||||||||\u00a0\u00bb button_icon=\u00a0\u00bb%%36%%\u00a0\u00bb custom_padding=\u00a0\u00bb|60px||60px|false|true\u00a0\u00bb hover_enabled=\u00a0\u00bb0&Prime; button_bg_color__hover_enabled=\u00a0\u00bbon|hover\u00a0\u00bb button_bg_color__hover=\u00a0\u00bb#ffffff\u00a0\u00bb button_bg_enable_color__hover=\u00a0\u00bbon\u00a0\u00bb button_border_color__hover_enabled=\u00a0\u00bbon|hover\u00a0\u00bb button_border_color__hover=\u00a0\u00bb#0c71c3&Prime; sticky_enabled=\u00a0\u00bb0&Prime;][\/et_pb_button][\/et_pb_column][\/et_pb_row][\/et_pb_section]<\/p>\n","protected":false},"excerpt":{"rendered":"<p>Vous souhaitez rejoindre notre entreprise ? J&rsquo;accompagne est toujours en qu\u00eate de talents\u00a0j&rsquo;accompagne Courtage Nous recrutons !Dans le cadre de notre d\u00e9veloppement, nous sommes \u00e0 la recherche de nos futurs collaborateurs. A ce jour, nos besoins portent principalement sur le march\u00e9 des professionnels. \u00a0 Courtier\u00a0: march\u00e9 des professionnels\u00a0(dept 64,33) : Votre mission principale sera d\u2019accompagner [&hellip;]<\/p>\n","protected":false},"author":1,"featured_media":0,"parent":0,"menu_order":0,"comment_status":"closed","ping_status":"closed","template":"","meta":{"_et_pb_use_builder":"on","_et_pb_old_content":"","_et_gb_content_width":"","_monsterinsights_skip_tracking":false,"_monsterinsights_sitenote_active":false,"_monsterinsights_sitenote_note":"","_monsterinsights_sitenote_category":0},"yoast_head":"<!-- This site is optimized with the Yoast SEO plugin v17.6 - https:\/\/yoast.com\/wordpress\/plugins\/seo\/ -->\n<title>Nous rejoindre : j&#039;accompagne courtage. Courtier \u00e0 bordeaux et en aquitaine<\/title>\n<meta name=\"description\" content=\"J&#039;accompagne courtage \u00e0 bordeaux, la rochelle et au pays basque. Contactez nous pour rejoindre notre \u00e9quipe de courtiers en nouvelle aquitaine.\" \/>\n<meta name=\"robots\" content=\"index, follow, max-snippet:-1, max-image-preview:large, max-video-preview:-1\" \/>\n<link rel=\"canonical\" href=\"https:\/\/jaccompagne-courtage.fr\/?page_id=408\" \/>\n<meta property=\"og:locale\" content=\"fr_FR\" \/>\n<meta property=\"og:type\" content=\"article\" \/>\n<meta property=\"og:title\" content=\"Nous rejoindre : j&#039;accompagne courtage. Courtier \u00e0 bordeaux et en aquitaine\" \/>\n<meta property=\"og:description\" content=\"J&#039;accompagne courtage \u00e0 bordeaux, la rochelle et au pays basque. Contactez nous pour rejoindre notre \u00e9quipe de courtiers en nouvelle aquitaine.\" \/>\n<meta property=\"og:url\" content=\"https:\/\/jaccompagne-courtage.fr\/?page_id=408\" \/>\n<meta property=\"og:site_name\" content=\"J&#039;accompagne courtage | Courtier \u00e0 bordeaux, bayonne et la rochelle\" \/>\n<meta property=\"article:modified_time\" content=\"2020-10-26T16:19:42+00:00\" \/>\n<meta name=\"twitter:card\" content=\"summary_large_image\" \/>\n<meta name=\"twitter:label1\" content=\"Dur\u00e9e de lecture estim\u00e9e\" \/>\n\t<meta name=\"twitter:data1\" content=\"6 minutes\" \/>\n<script type=\"application\/ld+json\" class=\"yoast-schema-graph\">{\"@context\":\"https:\/\/schema.org\",\"@graph\":[{\"@type\":\"Organization\",\"@id\":\"https:\/\/jaccompagne-courtage.fr\/#organization\",\"name\":\"j'accompagne-courtage\",\"url\":\"https:\/\/jaccompagne-courtage.fr\/\",\"sameAs\":[],\"logo\":{\"@type\":\"ImageObject\",\"@id\":\"https:\/\/jaccompagne-courtage.fr\/#logo\",\"inLanguage\":\"fr-FR\",\"url\":\"\",\"contentUrl\":\"\",\"caption\":\"j'accompagne-courtage\"},\"image\":{\"@id\":\"https:\/\/jaccompagne-courtage.fr\/#logo\"}},{\"@type\":\"WebSite\",\"@id\":\"https:\/\/jaccompagne-courtage.fr\/#website\",\"url\":\"https:\/\/jaccompagne-courtage.fr\/\",\"name\":\"http:\/\/jaccompagne-courtage.fr\/\",\"description\":\"J&#039;accompagne : courtage de proximit\\u00e9\",\"publisher\":{\"@id\":\"https:\/\/jaccompagne-courtage.fr\/#organization\"},\"potentialAction\":[{\"@type\":\"SearchAction\",\"target\":{\"@type\":\"EntryPoint\",\"urlTemplate\":\"https:\/\/jaccompagne-courtage.fr\/?s={search_term_string}\"},\"query-input\":\"required name=search_term_string\"}],\"inLanguage\":\"fr-FR\"},{\"@type\":\"WebPage\",\"@id\":\"https:\/\/jaccompagne-courtage.fr\/?page_id=408#webpage\",\"url\":\"https:\/\/jaccompagne-courtage.fr\/?page_id=408\",\"name\":\"Nous rejoindre : j'accompagne courtage. Courtier \\u00e0 bordeaux et en aquitaine\",\"isPartOf\":{\"@id\":\"https:\/\/jaccompagne-courtage.fr\/#website\"},\"datePublished\":\"2020-02-12T11:02:10+00:00\",\"dateModified\":\"2020-10-26T16:19:42+00:00\",\"description\":\"J'accompagne courtage \\u00e0 bordeaux, la rochelle et au pays basque. Contactez nous pour rejoindre notre \\u00e9quipe de courtiers en nouvelle aquitaine.\",\"breadcrumb\":{\"@id\":\"https:\/\/jaccompagne-courtage.fr\/?page_id=408#breadcrumb\"},\"inLanguage\":\"fr-FR\",\"potentialAction\":[{\"@type\":\"ReadAction\",\"target\":[\"https:\/\/jaccompagne-courtage.fr\/?page_id=408\"]}]},{\"@type\":\"BreadcrumbList\",\"@id\":\"https:\/\/jaccompagne-courtage.fr\/?page_id=408#breadcrumb\",\"itemListElement\":[{\"@type\":\"ListItem\",\"position\":1,\"name\":\"Accueil\",\"item\":\"https:\/\/jaccompagne-courtage.fr\/\"},{\"@type\":\"ListItem\",\"position\":2,\"name\":\"Nous rejoindre\"}]}]}<\/script>\n<!-- \/ Yoast SEO plugin. -->","yoast_head_json":{"title":"Nous rejoindre : j'accompagne courtage. Courtier \u00e0 bordeaux et en aquitaine","description":"J'accompagne courtage \u00e0 bordeaux, la rochelle et au pays basque. Contactez nous pour rejoindre notre \u00e9quipe de courtiers en nouvelle aquitaine.","robots":{"index":"index","follow":"follow","max-snippet":"max-snippet:-1","max-image-preview":"max-image-preview:large","max-video-preview":"max-video-preview:-1"},"canonical":"https:\/\/jaccompagne-courtage.fr\/?page_id=408","og_locale":"fr_FR","og_type":"article","og_title":"Nous rejoindre : j'accompagne courtage. Courtier \u00e0 bordeaux et en aquitaine","og_description":"J'accompagne courtage \u00e0 bordeaux, la rochelle et au pays basque. Contactez nous pour rejoindre notre \u00e9quipe de courtiers en nouvelle aquitaine.","og_url":"https:\/\/jaccompagne-courtage.fr\/?page_id=408","og_site_name":"J&#039;accompagne courtage | Courtier \u00e0 bordeaux, bayonne et la rochelle","article_modified_time":"2020-10-26T16:19:42+00:00","twitter_card":"summary_large_image","twitter_misc":{"Dur\u00e9e de lecture estim\u00e9e":"6 minutes"},"schema":{"@context":"https:\/\/schema.org","@graph":[{"@type":"Organization","@id":"https:\/\/jaccompagne-courtage.fr\/#organization","name":"j'accompagne-courtage","url":"https:\/\/jaccompagne-courtage.fr\/","sameAs":[],"logo":{"@type":"ImageObject","@id":"https:\/\/jaccompagne-courtage.fr\/#logo","inLanguage":"fr-FR","url":"","contentUrl":"","caption":"j'accompagne-courtage"},"image":{"@id":"https:\/\/jaccompagne-courtage.fr\/#logo"}},{"@type":"WebSite","@id":"https:\/\/jaccompagne-courtage.fr\/#website","url":"https:\/\/jaccompagne-courtage.fr\/","name":"http:\/\/jaccompagne-courtage.fr\/","description":"J&#039;accompagne : courtage de proximit\u00e9","publisher":{"@id":"https:\/\/jaccompagne-courtage.fr\/#organization"},"potentialAction":[{"@type":"SearchAction","target":{"@type":"EntryPoint","urlTemplate":"https:\/\/jaccompagne-courtage.fr\/?s={search_term_string}"},"query-input":"required name=search_term_string"}],"inLanguage":"fr-FR"},{"@type":"WebPage","@id":"https:\/\/jaccompagne-courtage.fr\/?page_id=408#webpage","url":"https:\/\/jaccompagne-courtage.fr\/?page_id=408","name":"Nous rejoindre : j'accompagne courtage. Courtier \u00e0 bordeaux et en aquitaine","isPartOf":{"@id":"https:\/\/jaccompagne-courtage.fr\/#website"},"datePublished":"2020-02-12T11:02:10+00:00","dateModified":"2020-10-26T16:19:42+00:00","description":"J'accompagne courtage \u00e0 bordeaux, la rochelle et au pays basque. Contactez nous pour rejoindre notre \u00e9quipe de courtiers en nouvelle aquitaine.","breadcrumb":{"@id":"https:\/\/jaccompagne-courtage.fr\/?page_id=408#breadcrumb"},"inLanguage":"fr-FR","potentialAction":[{"@type":"ReadAction","target":["https:\/\/jaccompagne-courtage.fr\/?page_id=408"]}]},{"@type":"BreadcrumbList","@id":"https:\/\/jaccompagne-courtage.fr\/?page_id=408#breadcrumb","itemListElement":[{"@type":"ListItem","position":1,"name":"Accueil","item":"https:\/\/jaccompagne-courtage.fr\/"},{"@type":"ListItem","position":2,"name":"Nous rejoindre"}]}]}},"_links":{"self":[{"href":"https:\/\/jaccompagne-courtage.fr\/index.php?rest_route=\/wp\/v2\/pages\/408"}],"collection":[{"href":"https:\/\/jaccompagne-courtage.fr\/index.php?rest_route=\/wp\/v2\/pages"}],"about":[{"href":"https:\/\/jaccompagne-courtage.fr\/index.php?rest_route=\/wp\/v2\/types\/page"}],"author":[{"embeddable":true,"href":"https:\/\/jaccompagne-courtage.fr\/index.php?rest_route=\/wp\/v2\/users\/1"}],"replies":[{"embeddable":true,"href":"https:\/\/jaccompagne-courtage.fr\/index.php?rest_route=%2Fwp%2Fv2%2Fcomments&post=408"}],"version-history":[{"count":54,"href":"https:\/\/jaccompagne-courtage.fr\/index.php?rest_route=\/wp\/v2\/pages\/408\/revisions"}],"predecessor-version":[{"id":1819,"href":"https:\/\/jaccompagne-courtage.fr\/index.php?rest_route=\/wp\/v2\/pages\/408\/revisions\/1819"}],"wp:attachment":[{"href":"https:\/\/jaccompagne-courtage.fr\/index.php?rest_route=%2Fwp%2Fv2%2Fmedia&parent=408"}],"curies":[{"name":"wp","href":"https:\/\/api.w.org\/{rel}","templated":true}]}}