{"id":471,"date":"2020-02-12T16:55:35","date_gmt":"2020-02-12T15:55:35","guid":{"rendered":"http:\/\/jaccompagne-courtage.fr\/?page_id=471"},"modified":"2020-03-04T11:15:12","modified_gmt":"2020-03-04T10:15:12","slug":"politique-de-confidentialite","status":"publish","type":"page","link":"https:\/\/jaccompagne-courtage.fr\/?page_id=471","title":{"rendered":"Politique de confidentialit\u00e9"},"content":{"rendered":"<p>[et_pb_section fb_built=\u00a0\u00bb1&Prime; admin_label=\u00a0\u00bbFree Consultation\u00a0\u00bb _builder_version=\u00a0\u00bb4.2.2&Prime; background_color=\u00a0\u00bbrgba(0,16,71,0.92)\u00a0\u00bb background_image=\u00a0\u00bbhttp:\/\/jaccompagne-courtage.fr\/wp-content\/uploads\/2020\/02\/consulting-3031678_1920.jpg\u00a0\u00bb height=\u00a0\u00bb297px\u00a0\u00bb max_height=\u00a0\u00bb1000px\u00a0\u00bb custom_margin=\u00a0\u00bb0px||0px||true|false\u00a0\u00bb custom_padding=\u00a0\u00bb4px|0px|4px|0px|true|false\u00a0\u00bb hover_transition_duration=\u00a0\u00bb4000ms\u00a0\u00bb transform_styles__hover_enabled=\u00a0\u00bbon|hover\u00a0\u00bb transform_scale__hover_enabled=\u00a0\u00bbon|hover\u00a0\u00bb transform_translate__hover_enabled=\u00a0\u00bbon|desktop\u00a0\u00bb transform_rotate__hover_enabled=\u00a0\u00bbon|desktop\u00a0\u00bb transform_skew__hover_enabled=\u00a0\u00bbon|desktop\u00a0\u00bb transform_origin__hover_enabled=\u00a0\u00bbon|desktop\u00a0\u00bb transform_scale__hover=\u00a0\u00bb102%|102%\u00a0\u00bb][et_pb_row _builder_version=\u00a0\u00bb4.2.2&Prime; width=\u00a0\u00bb100%\u00a0\u00bb max_width=\u00a0\u00bb2560px\u00a0\u00bb module_alignment=\u00a0\u00bbcenter\u00a0\u00bb custom_margin=\u00a0\u00bb-8px|auto|20px|auto||\u00a0\u00bb custom_padding=\u00a0\u00bb0px||33px|||\u00a0\u00bb][et_pb_column type=\u00a0\u00bb4_4&Prime; _builder_version=\u00a0\u00bb4.2.2&Prime;][et_pb_text _builder_version=\u00a0\u00bb4.2.2&Prime; text_font=\u00a0\u00bbPoppins||||||||\u00a0\u00bb text_text_color=\u00a0\u00bb#e09900&Prime; text_font_size=\u00a0\u00bb16px\u00a0\u00bb text_letter_spacing=\u00a0\u00bb1px\u00a0\u00bb header_font=\u00a0\u00bbPoppins|||||on|||\u00a0\u00bb header_text_align=\u00a0\u00bbcenter\u00a0\u00bb header_text_color=\u00a0\u00bb#ffffff\u00a0\u00bb header_font_size=\u00a0\u00bb40px\u00a0\u00bb header_line_height=\u00a0\u00bb1.2em\u00a0\u00bb background_color=\u00a0\u00bbrgba(0,0,0,0.58)\u00a0\u00bb text_orientation=\u00a0\u00bbcenter\u00a0\u00bb max_width=\u00a0\u00bb100%\u00a0\u00bb module_alignment=\u00a0\u00bbcenter\u00a0\u00bb height=\u00a0\u00bb294px\u00a0\u00bb custom_margin=\u00a0\u00bb6px|||||\u00a0\u00bb custom_padding=\u00a0\u00bb5px|31px|5px|31px|true|true\u00a0\u00bb animation_style=\u00a0\u00bbflip\u00a0\u00bb animation_duration=\u00a0\u00bb2000ms\u00a0\u00bb animation_delay=\u00a0\u00bb400ms\u00a0\u00bb animation_intensity_flip=\u00a0\u00bb100%\u00a0\u00bb transform_styles__hover_enabled=\u00a0\u00bbon|desktop\u00a0\u00bb transform_scale__hover_enabled=\u00a0\u00bbon|desktop\u00a0\u00bb transform_translate__hover_enabled=\u00a0\u00bbon|desktop\u00a0\u00bb transform_rotate__hover_enabled=\u00a0\u00bbon|desktop\u00a0\u00bb transform_skew__hover_enabled=\u00a0\u00bbon|desktop\u00a0\u00bb transform_origin__hover_enabled=\u00a0\u00bbon|desktop\u00a0\u00bb]<\/p>\n<h1><\/h1>\n<h1><\/h1>\n<h1><\/h1>\n<h1><\/h1>\n<h1><\/h1>\n<h1><\/h1>\n<h1><\/h1>\n<h1><\/h1>\n<h1><\/h1>\n<h1><\/h1>\n<h1>Politique de confidentialit\u00e9<\/h1>\n<p class=\"mars-title-level-2\" style=\"text-align: left;\">[\/et_pb_text][\/et_pb_column][\/et_pb_row][\/et_pb_section][et_pb_section fb_built=\u00a0\u00bb1&Prime; admin_label=\u00a0\u00bbFeature &#8211; Image Left\u00a0\u00bb _builder_version=\u00a0\u00bb4.2.2&Prime; background_color=\u00a0\u00bb#fafbfc\u00a0\u00bb background_enable_video_mp4=\u00a0\u00bboff\u00a0\u00bb custom_margin=\u00a0\u00bb-3px|||||\u00a0\u00bb custom_padding=\u00a0\u00bb122px|0px|10px|0px||\u00a0\u00bb][et_pb_row _builder_version=\u00a0\u00bb4.2.2&Prime;][et_pb_column type=\u00a0\u00bb4_4&Prime; _builder_version=\u00a0\u00bb4.2.2&Prime;][et_pb_text _builder_version=\u00a0\u00bb4.3.2&Prime; header_font=\u00a0\u00bbPoppins||||||||\u00a0\u00bb header_text_align=\u00a0\u00bbcenter\u00a0\u00bb custom_padding=\u00a0\u00bb10px|10px|10px|10px|true|true\u00a0\u00bb hover_enabled=\u00a0\u00bb0&Prime; border_width_all=\u00a0\u00bb2px\u00a0\u00bb]<\/p>\n<h2 class=\"et_pb_module_header\" style=\"text-align: center;\">J&rsquo;accompagne courtage : Politique de confidentialit\u00e9<\/h2>\n<div>\n<p>&nbsp;<\/p>\n<p>&nbsp;<\/p>\n<p>J&rsquo;accompagne courtage SAS respecte la confidentialit\u00e9 des personnes et reconna\u00eet qu\u2019il est important d\u2019assurer la s\u00e9curit\u00e9 des supports dans lesquels se trouvent leurs donn\u00e9es. \u00c0 ce titre, elle a adopt\u00e9 la pr\u00e9sente politique de confidentialit\u00e9. Celle-ci explique comment et pourquoi nous recueillons, stockons et utilisons des informations \u00e0 caract\u00e8re personnel.<\/p>\n<p>1. Qui traite les donn\u00e9es ?<\/p>\n<p>J&rsquo;accompagne courtage SAS est directement responsable du traitement de ces donn\u00e9es. Il s\u2019agit d\u2019une soci\u00e9t\u00e9 immatricul\u00e9e au RCS de BORDEAUX sous le num\u00e9ro SIRET suivant : 882 002 009 00018.<br \/> Son si\u00e8ge social est situ\u00e9 au 12 all\u00e9e Simone de Beauvoir 33 140 Villenave-d&rsquo;Ornon.<br \/> Vous trouverez les coordonn\u00e9es de la personne charg\u00e9e de la protection des donn\u00e9es de J&rsquo;accompagne courtage ainsi que la liste des diff\u00e9rents services de l\u2019agence en fin de document.<\/p>\n<p>2. Quelles informations recueillons-nous, combien de temps les conservons-nous et pourquoi les collectons-nous ?<\/p>\n<p>Les informations que nous recueillons aupr\u00e8s de nos clients sont fournies par consentement. C\u2019est-\u00e0-dire lorsque le formulaire de prise de contact \u00ab contactez-nous \u00bb est compl\u00e9t\u00e9 et envoy\u00e9.<br \/> Le traitement de ces informations a pour finalit\u00e9 de recontacter l\u2019utilisateur en vue de r\u00e9pondre \u00e0 ses questionnements et d\u2019\u00e9changer directement avec lui quant \u00e0 nos prestations et \u00e0 ses projets.<br \/> En ce sens, les donn\u00e9es sont stock\u00e9es directement dans notre outil CRM (Customer Relationship Management). Celui-ci permet une meilleure organisation en interne et une am\u00e9lioration de la qualit\u00e9 de notre relation clients.<br \/> Les donn\u00e9es collect\u00e9es sont stock\u00e9es 3 ans \u00e0 compter de la derni\u00e8re interaction avec un prospect.<br \/> Dans le cas d\u2019une conversion d\u2019un prospect en client, ces donn\u00e9es sont stock\u00e9es durant toute la p\u00e9riode d\u2019ex\u00e9cution, afin notamment de r\u00e9pondre aux obligations l\u00e9gales telle la preuve d\u2019une prestation r\u00e9alis\u00e9e.<\/p>\n<p>SERVICE CLIENT\u00c8LE \u2013 Nous utilisons les informations recueillies dans le cadre de notre relation clients et de nos services d\u2019assistance. Les informations recueillies ou produites \u00e0 cette occasion sont conserv\u00e9es toute la dur\u00e9e du contrat et comme il a \u00e9t\u00e9 pr\u00e9cis\u00e9 ci-dessus, dans le cadre d\u2019une personne moral ou physique, caract\u00e9ris\u00e9e comme \u00ab prospect \u00bb, les donn\u00e9es sont conserv\u00e9es 3 ans \u00e0 compter du dernier contact. Seules des personnes clairement identifi\u00e9es et travaillant au sein de J&rsquo;accompagne courtage SAS ont acc\u00e8s \u00e0 ces donn\u00e9es.<\/p>\n<p>COMMUNICATION \u2013 J&rsquo;accompagne courtage SAS peut utiliser les informations recueillies de ses utilisateurs afin de communiquer avec eux des offres actuelles et potentiellement futures ainsi que sur les informations g\u00e9n\u00e9rales relatives \u00e0 son activit\u00e9.<\/p>\n<p>3. Quels sont les fondements l\u00e9gaux du traitement des donn\u00e9es ?<\/p>\n<p>Nous traitons les donn\u00e9es cit\u00e9es ci-dessus en nous appuyant sur des bases l\u00e9gales d\u00e9termin\u00e9es comme suit :<\/p>\n<p>1. Le traitement est indispensable \u00e0 l\u2019ex\u00e9cution d\u2019une prestation. Ces donn\u00e9es sont obligatoires et l\u2019arr\u00eat de leur traitement bloquera l\u2019int\u00e9gralit\u00e9 de la relation avec le client.<\/p>\n<p>2. Consentement. Tout utilisateur faisant partie de la base de donn\u00e9es peut s\u2019il le souhaite et \u00e0 tout moment, retirer son consentement et demander \u00e0 obtenir, \u00e0 modifier ou supprimer les donn\u00e9es le concernant.<br \/> Cookies et technologies de tra\u00e7age \u2013 Ces informations sont stock\u00e9es (cookies et technologies de tra\u00e7age similaires) afin de nous aider \u00e0 comprendre comment notre site est utilis\u00e9, de l\u2019adapter en cons\u00e9quence et de communiquer les informations les plus pertinentes.<br \/> Consultez la section n\u00b09 : \u00ab autres remarques ou r\u00e9clamations \u00bb pour savoir comment retirer votre consentement.<\/p>\n<p>3. Int\u00e9r\u00eat l\u00e9gitime.<\/p>\n<p>Nous utilisons vos donn\u00e9es \u00e0 des fins non pr\u00e9judiciables pour votre vie priv\u00e9e. Les informations sont utilis\u00e9es aux fins suivantes :<br \/> \u2022 Publicit\u00e9s cibl\u00e9es (Vos donn\u00e9es personnelles chiffr\u00e9es ne sont jamais communiqu\u00e9es \u00e0 des tierces parties sans votre consentement).<br \/> \u2022 Analyses et segmentation des donn\u00e9es<br \/> \u2022 Optimisation des op\u00e9rations et d\u00e9veloppement des services<br \/> \u2022 Envoi d\u2019e-mails \u2013 campagnes de marketing<br \/> \u2022 Assistance \u00e0 la client\u00e8le<\/p>\n<p>4. Obligations l\u00e9gales.<\/p>\n<p>Nous traitons vos donn\u00e9es en raison d\u2019une obligation l\u00e9gale ou d\u2019un droit dont nous jouissons. Les informations sont utilis\u00e9es aux fins suivantes :<br \/> \u2022 Conformit\u00e9 juridique<br \/> \u2022 Conformit\u00e9 fiscale<br \/> \u2022 Conformit\u00e9 sociale<br \/> \u2022 Bonne ma\u00eetrise de nos fonctions \u00ab relation clients \u00bb et \u00ab d\u00e9veloppement commercial \u00bb<\/p>\n<p>5. Transferts internationaux<\/p>\n<p>Les donn\u00e9es sont exclusivement stock\u00e9es sur le territoire Fran\u00e7ais, aucun transfert international n\u2019est r\u00e9alis\u00e9.<\/p>\n<p>6. Quels sont vos droits ?<\/p>\n<p>Acc\u00e9der \u00e0 vos donn\u00e9es :<br \/> Vous pouvez recevoir un rapport concernant les donn\u00e9es que J&rsquo;accompagne courtage SAS stocke \u00e0 votre sujet (Cf : point n\u00b09 : autres remarques ou r\u00e9clamations).<br \/> Supprimer vos donn\u00e9es :<br \/> Vous avez le droit de demander la suppression de certaines de vos donn\u00e9es. Cependant, la loi oblige une entreprise \u00e0 en conserver certaines. Pour en savoir plus sur la suppression ou l\u2019anonymisation de vos donn\u00e9es, n\u2019h\u00e9sitez pas \u00e0 nous contacter (Cf : point n\u00b09 : autres remarques ou r\u00e9clamations)<br \/> Vous opposer :<br \/> Vous pouvez vous opposer au traitement de vos donn\u00e9es si vous pensez que J&rsquo;accompagne courtage SAS ne jouit pas de droits appropri\u00e9s pour le faire, ou si vous souhaitez lui demander de ne pas traiter vos donn\u00e9es personnelles \u00e0 des fins de marketing direct. Pour savoir comment vous opposer au traitement de vos donn\u00e9es, contactez-nous (Cf : point n\u00b09 : autres remarques ou r\u00e9clamations).<br \/> Modifier vos donn\u00e9es :<br \/> Vous pouvez corriger vos donn\u00e9es si vous pensez qu\u2019elles sont erron\u00e9es ou \u00e0 mettre \u00e0 jour. Pour effectuer vos modifications, contactez-nous (Cf : point n\u00b09 : autres remarques ou r\u00e9clamations).<\/p>\n<p>7. Que sont les technologies de tra\u00e7age, et comment sont-elles utilis\u00e9es ?<\/p>\n<p>J&rsquo;accompagne courtage SAS peut utiliser des technologies de tra\u00e7age comme les cookies. Ces technologies permettent d\u2019analyser les tendances, administrer les sites Web, suivre les mouvements des utilisateurs dans les sites Web ou applications et recueillir des informations d\u00e9mographiques concernant notre base d\u2019utilisateurs dans son ensemble.<br \/> Nous utilisons cette technologie \u00e0 diverses fins, notamment l\u2019authentification. L\u2019utilisateur peut contr\u00f4ler l\u2019utilisation des cookies au niveau de son navigateur. Si vous rejetez les cookies, vous pouvez continuer \u00e0 utiliser notre site Web, mais l\u2019utilisation de certaines fonctionnalit\u00e9s ou l\u2019acc\u00e8s \u00e0 certaines zones de nos sites peuvent \u00eatre restreints.<\/p>\n<p>8. Quel est le niveau de s\u00e9curit\u00e9 appliqu\u00e9 \u00e0 vos donn\u00e9es personnelles ?<\/p>\n<p>Afin de prot\u00e9ger la confidentialit\u00e9 des donn\u00e9es et des informations permettant \u00e0 nos utilisateurs de s\u2019identifier, nous nous sommes dot\u00e9s de dispositifs de protection physiques, techniques et administratifs. Nous mettons \u00e0 jour et testons r\u00e9guli\u00e8rement notre technologie de s\u00e9curit\u00e9.<br \/> Nous limitons l\u2019acc\u00e8s \u00e0 vos donn\u00e9es personnelles \u00e0 nos collaborateurs. Enfin, nous les formons pour qu\u2019ils comprennent l\u2019importance de la confidentialit\u00e9 et qu\u2019ils pr\u00e9servent le caract\u00e8re priv\u00e9 et la s\u00e9curit\u00e9 des informations.<\/p>\n<p>9. Autres remarques ou r\u00e9clamations<\/p>\n<p>Si vous avez des questions ou des incertitudes concernant la protection des donn\u00e9es par J&rsquo;accompagne courtage SAS, vous pouvez contacter la personne charg\u00e9e de la protection des donn\u00e9es \u00e0 l\u2019adresse suivante : contact@jaccompagne-courtage.fr<br \/> Chaque \u00c9tat membre de l\u2019UE nomme un ou plusieurs organismes publics ind\u00e9pendants charg\u00e9s de contr\u00f4ler l\u2019application du R\u00e8glement g\u00e9n\u00e9ral sur la protection des donn\u00e9es (ou RGPD) afin de prot\u00e9ger les libert\u00e9s et droits fondamentaux des personnes physiques eu \u00e9gard au traitement de leurs donn\u00e9es, et de faciliter la libre circulation des donn\u00e9es au sein de l\u2019Union europ\u00e9enne (\u00ab Autorit\u00e9 de contr\u00f4le \u00bb).<br \/> Si vous pensez que J&rsquo;accompagne courtage SAS porte atteinte \u00e0 vos droits, ou si vous souhaitez signaler un abus aux autorit\u00e9s de protection des donn\u00e9es, contactez l\u2019autorit\u00e9 comp\u00e9tente. En France, il s\u2019agit de la CNIL.<\/p>\n<\/div>\n<p>[\/et_pb_text][\/et_pb_column][\/et_pb_row][\/et_pb_section]<\/p>\n","protected":false},"excerpt":{"rendered":"<p>Politique de confidentialit\u00e9 J&rsquo;accompagne courtage : Politique de confidentialit\u00e9 &nbsp; &nbsp; J&rsquo;accompagne courtage SAS respecte la confidentialit\u00e9 des personnes et reconna\u00eet qu\u2019il est important d\u2019assurer la s\u00e9curit\u00e9 des supports dans lesquels se trouvent leurs donn\u00e9es. \u00c0 ce titre, elle a adopt\u00e9 la pr\u00e9sente politique de confidentialit\u00e9. Celle-ci explique comment et pourquoi nous recueillons, stockons et [&hellip;]<\/p>\n","protected":false},"author":1,"featured_media":0,"parent":0,"menu_order":0,"comment_status":"closed","ping_status":"closed","template":"","meta":{"_et_pb_use_builder":"on","_et_pb_old_content":"","_et_gb_content_width":"","_monsterinsights_skip_tracking":false,"_monsterinsights_sitenote_active":false,"_monsterinsights_sitenote_note":"","_monsterinsights_sitenote_category":0},"yoast_head":"<!-- This site is optimized with the Yoast SEO plugin v17.6 - https:\/\/yoast.com\/wordpress\/plugins\/seo\/ -->\n<title>J&#039;accompagne courtage \u00e0 bordeaux en aquitaine : politique de confidentialit\u00e9<\/title>\n<meta name=\"description\" content=\"Politique de confidentialit\u00e9 du site j&#039;accompagne courtage \u00e0 bordeaux, la rochelle et au pays basque. Retrouvez ici notre politique de confidentialit\u00e9.\" \/>\n<meta name=\"robots\" content=\"index, follow, max-snippet:-1, max-image-preview:large, max-video-preview:-1\" \/>\n<link rel=\"canonical\" href=\"https:\/\/jaccompagne-courtage.fr\/?page_id=471\" \/>\n<meta property=\"og:locale\" content=\"fr_FR\" \/>\n<meta property=\"og:type\" content=\"article\" \/>\n<meta property=\"og:title\" content=\"J&#039;accompagne courtage \u00e0 bordeaux en aquitaine : politique de confidentialit\u00e9\" \/>\n<meta property=\"og:description\" content=\"Politique de confidentialit\u00e9 du site j&#039;accompagne courtage \u00e0 bordeaux, la rochelle et au pays basque. Retrouvez ici notre politique de confidentialit\u00e9.\" \/>\n<meta property=\"og:url\" content=\"https:\/\/jaccompagne-courtage.fr\/?page_id=471\" \/>\n<meta property=\"og:site_name\" content=\"J&#039;accompagne courtage | Courtier \u00e0 bordeaux, bayonne et la rochelle\" \/>\n<meta property=\"article:modified_time\" content=\"2020-03-04T10:15:12+00:00\" \/>\n<meta name=\"twitter:card\" content=\"summary_large_image\" \/>\n<meta name=\"twitter:label1\" content=\"Dur\u00e9e de lecture estim\u00e9e\" \/>\n\t<meta name=\"twitter:data1\" content=\"8 minutes\" \/>\n<script type=\"application\/ld+json\" class=\"yoast-schema-graph\">{\"@context\":\"https:\/\/schema.org\",\"@graph\":[{\"@type\":\"Organization\",\"@id\":\"https:\/\/jaccompagne-courtage.fr\/#organization\",\"name\":\"j'accompagne-courtage\",\"url\":\"https:\/\/jaccompagne-courtage.fr\/\",\"sameAs\":[],\"logo\":{\"@type\":\"ImageObject\",\"@id\":\"https:\/\/jaccompagne-courtage.fr\/#logo\",\"inLanguage\":\"fr-FR\",\"url\":\"\",\"contentUrl\":\"\",\"caption\":\"j'accompagne-courtage\"},\"image\":{\"@id\":\"https:\/\/jaccompagne-courtage.fr\/#logo\"}},{\"@type\":\"WebSite\",\"@id\":\"https:\/\/jaccompagne-courtage.fr\/#website\",\"url\":\"https:\/\/jaccompagne-courtage.fr\/\",\"name\":\"http:\/\/jaccompagne-courtage.fr\/\",\"description\":\"J&#039;accompagne : courtage de proximit\\u00e9\",\"publisher\":{\"@id\":\"https:\/\/jaccompagne-courtage.fr\/#organization\"},\"potentialAction\":[{\"@type\":\"SearchAction\",\"target\":{\"@type\":\"EntryPoint\",\"urlTemplate\":\"https:\/\/jaccompagne-courtage.fr\/?s={search_term_string}\"},\"query-input\":\"required name=search_term_string\"}],\"inLanguage\":\"fr-FR\"},{\"@type\":\"WebPage\",\"@id\":\"https:\/\/jaccompagne-courtage.fr\/?page_id=471#webpage\",\"url\":\"https:\/\/jaccompagne-courtage.fr\/?page_id=471\",\"name\":\"J'accompagne courtage \\u00e0 bordeaux en aquitaine : politique de confidentialit\\u00e9\",\"isPartOf\":{\"@id\":\"https:\/\/jaccompagne-courtage.fr\/#website\"},\"datePublished\":\"2020-02-12T15:55:35+00:00\",\"dateModified\":\"2020-03-04T10:15:12+00:00\",\"description\":\"Politique de confidentialit\\u00e9 du site j'accompagne courtage \\u00e0 bordeaux, la rochelle et au pays basque. Retrouvez ici notre politique de confidentialit\\u00e9.\",\"breadcrumb\":{\"@id\":\"https:\/\/jaccompagne-courtage.fr\/?page_id=471#breadcrumb\"},\"inLanguage\":\"fr-FR\",\"potentialAction\":[{\"@type\":\"ReadAction\",\"target\":[\"https:\/\/jaccompagne-courtage.fr\/?page_id=471\"]}]},{\"@type\":\"BreadcrumbList\",\"@id\":\"https:\/\/jaccompagne-courtage.fr\/?page_id=471#breadcrumb\",\"itemListElement\":[{\"@type\":\"ListItem\",\"position\":1,\"name\":\"Accueil\",\"item\":\"https:\/\/jaccompagne-courtage.fr\/\"},{\"@type\":\"ListItem\",\"position\":2,\"name\":\"Politique de confidentialit\\u00e9\"}]}]}<\/script>\n<!-- \/ Yoast SEO plugin. -->","yoast_head_json":{"title":"J'accompagne courtage \u00e0 bordeaux en aquitaine : politique de confidentialit\u00e9","description":"Politique de confidentialit\u00e9 du site j'accompagne courtage \u00e0 bordeaux, la rochelle et au pays basque. Retrouvez ici notre politique de confidentialit\u00e9.","robots":{"index":"index","follow":"follow","max-snippet":"max-snippet:-1","max-image-preview":"max-image-preview:large","max-video-preview":"max-video-preview:-1"},"canonical":"https:\/\/jaccompagne-courtage.fr\/?page_id=471","og_locale":"fr_FR","og_type":"article","og_title":"J'accompagne courtage \u00e0 bordeaux en aquitaine : politique de confidentialit\u00e9","og_description":"Politique de confidentialit\u00e9 du site j'accompagne courtage \u00e0 bordeaux, la rochelle et au pays basque. Retrouvez ici notre politique de confidentialit\u00e9.","og_url":"https:\/\/jaccompagne-courtage.fr\/?page_id=471","og_site_name":"J&#039;accompagne courtage | Courtier \u00e0 bordeaux, bayonne et la rochelle","article_modified_time":"2020-03-04T10:15:12+00:00","twitter_card":"summary_large_image","twitter_misc":{"Dur\u00e9e de lecture estim\u00e9e":"8 minutes"},"schema":{"@context":"https:\/\/schema.org","@graph":[{"@type":"Organization","@id":"https:\/\/jaccompagne-courtage.fr\/#organization","name":"j'accompagne-courtage","url":"https:\/\/jaccompagne-courtage.fr\/","sameAs":[],"logo":{"@type":"ImageObject","@id":"https:\/\/jaccompagne-courtage.fr\/#logo","inLanguage":"fr-FR","url":"","contentUrl":"","caption":"j'accompagne-courtage"},"image":{"@id":"https:\/\/jaccompagne-courtage.fr\/#logo"}},{"@type":"WebSite","@id":"https:\/\/jaccompagne-courtage.fr\/#website","url":"https:\/\/jaccompagne-courtage.fr\/","name":"http:\/\/jaccompagne-courtage.fr\/","description":"J&#039;accompagne : courtage de proximit\u00e9","publisher":{"@id":"https:\/\/jaccompagne-courtage.fr\/#organization"},"potentialAction":[{"@type":"SearchAction","target":{"@type":"EntryPoint","urlTemplate":"https:\/\/jaccompagne-courtage.fr\/?s={search_term_string}"},"query-input":"required name=search_term_string"}],"inLanguage":"fr-FR"},{"@type":"WebPage","@id":"https:\/\/jaccompagne-courtage.fr\/?page_id=471#webpage","url":"https:\/\/jaccompagne-courtage.fr\/?page_id=471","name":"J'accompagne courtage \u00e0 bordeaux en aquitaine : politique de confidentialit\u00e9","isPartOf":{"@id":"https:\/\/jaccompagne-courtage.fr\/#website"},"datePublished":"2020-02-12T15:55:35+00:00","dateModified":"2020-03-04T10:15:12+00:00","description":"Politique de confidentialit\u00e9 du site j'accompagne courtage \u00e0 bordeaux, la rochelle et au pays basque. Retrouvez ici notre politique de confidentialit\u00e9.","breadcrumb":{"@id":"https:\/\/jaccompagne-courtage.fr\/?page_id=471#breadcrumb"},"inLanguage":"fr-FR","potentialAction":[{"@type":"ReadAction","target":["https:\/\/jaccompagne-courtage.fr\/?page_id=471"]}]},{"@type":"BreadcrumbList","@id":"https:\/\/jaccompagne-courtage.fr\/?page_id=471#breadcrumb","itemListElement":[{"@type":"ListItem","position":1,"name":"Accueil","item":"https:\/\/jaccompagne-courtage.fr\/"},{"@type":"ListItem","position":2,"name":"Politique de confidentialit\u00e9"}]}]}},"_links":{"self":[{"href":"https:\/\/jaccompagne-courtage.fr\/index.php?rest_route=\/wp\/v2\/pages\/471"}],"collection":[{"href":"https:\/\/jaccompagne-courtage.fr\/index.php?rest_route=\/wp\/v2\/pages"}],"about":[{"href":"https:\/\/jaccompagne-courtage.fr\/index.php?rest_route=\/wp\/v2\/types\/page"}],"author":[{"embeddable":true,"href":"https:\/\/jaccompagne-courtage.fr\/index.php?rest_route=\/wp\/v2\/users\/1"}],"replies":[{"embeddable":true,"href":"https:\/\/jaccompagne-courtage.fr\/index.php?rest_route=%2Fwp%2Fv2%2Fcomments&post=471"}],"version-history":[{"count":6,"href":"https:\/\/jaccompagne-courtage.fr\/index.php?rest_route=\/wp\/v2\/pages\/471\/revisions"}],"predecessor-version":[{"id":1666,"href":"https:\/\/jaccompagne-courtage.fr\/index.php?rest_route=\/wp\/v2\/pages\/471\/revisions\/1666"}],"wp:attachment":[{"href":"https:\/\/jaccompagne-courtage.fr\/index.php?rest_route=%2Fwp%2Fv2%2Fmedia&parent=471"}],"curies":[{"name":"wp","href":"https:\/\/api.w.org\/{rel}","templated":true}]}}